{"id":842,"date":"2023-01-12T20:38:16","date_gmt":"2023-01-12T20:38:16","guid":{"rendered":"http:\/\/cechlomza.pl\/?page_id=842"},"modified":"2023-02-10T18:43:28","modified_gmt":"2023-02-10T18:43:28","slug":"informacje-ogolne","status":"publish","type":"page","link":"https:\/\/cechlomza.pl\/index.php\/informacje-ogolne\/","title":{"rendered":"Informacje og\u00f3lne"},"content":{"rendered":"\t\t<div data-elementor-type=\"wp-page\" data-elementor-id=\"842\" class=\"elementor elementor-842\" data-elementor-post-type=\"page\">\n\t\t\t\t\t\t\t\t\t<section class=\"elementor-section elementor-top-section elementor-element elementor-element-59f63ca elementor-section-boxed elementor-section-height-default elementor-section-height-default\" data-id=\"59f63ca\" data-element_type=\"section\">\n\t\t\t\t\t\t<div class=\"elementor-container elementor-column-gap-default\">\n\t\t\t\t\t<div class=\"elementor-column elementor-col-100 elementor-top-column elementor-element elementor-element-399fb0d\" data-id=\"399fb0d\" data-element_type=\"column\">\n\t\t\t<div class=\"elementor-widget-wrap elementor-element-populated\">\n\t\t\t\t\t\t\t\t<div class=\"elementor-element elementor-element-401a844 elementor-widget elementor-widget-heading\" data-id=\"401a844\" data-element_type=\"widget\" data-widget_type=\"heading.default\">\n\t\t\t\t<div class=\"elementor-widget-container\">\n\t\t\t<h2 class=\"elementor-heading-title elementor-size-xl\">Dla uczni\u00f3w<\/h2>\t\t<\/div>\n\t\t\t\t<\/div>\n\t\t\t\t\t<\/div>\n\t\t<\/div>\n\t\t\t\t\t\t\t<\/div>\n\t\t<\/section>\n\t\t\t\t<section class=\"elementor-section elementor-top-section elementor-element elementor-element-fcf3d30 elementor-section-boxed elementor-section-height-default elementor-section-height-default\" data-id=\"fcf3d30\" data-element_type=\"section\">\n\t\t\t\t\t\t<div class=\"elementor-container elementor-column-gap-default\">\n\t\t\t\t\t<div class=\"elementor-column elementor-col-50 elementor-top-column elementor-element elementor-element-9cd7d04\" data-id=\"9cd7d04\" data-element_type=\"column\">\n\t\t\t<div class=\"elementor-widget-wrap elementor-element-populated\">\n\t\t\t\t\t\t\t\t<div class=\"elementor-element elementor-element-d639bac elementor-widget elementor-widget-text-editor\" data-id=\"d639bac\" data-element_type=\"widget\" data-widget_type=\"text-editor.default\">\n\t\t\t\t<div class=\"elementor-widget-container\">\n\t\t\t\t\t\t\t<p>Nauka zawodu do okazja do kszta\u0142cenia w wybranym fachu pod okiem wykwalifikowanych specjalist\u00f3w.<\/p><p>\u00a0<\/p><p>Po zdaniu egzaminu otrzymujesz tytu\u0142 <strong>czeladnika<\/strong> oraz mi\u0119dzynarodowy <a style=\"color: #27a73f;\" href=\"https:\/\/europa.eu\/europass\/en\">dokument<\/a><br \/><a style=\"color: #27a73f;\" href=\"https:\/\/europa.eu\/europass\/en\">EuroPass .<\/a><\/p>\t\t\t\t\t\t<\/div>\n\t\t\t\t<\/div>\n\t\t\t\t<div class=\"elementor-element elementor-element-635e8aa elementor-widget elementor-widget-text-editor\" data-id=\"635e8aa\" data-element_type=\"widget\" data-widget_type=\"text-editor.default\">\n\t\t\t\t<div class=\"elementor-widget-container\">\n\t\t\t\t\t\t\t<p><strong>Kszta\u0142cimy w zawodach:<\/strong><\/p>\t\t\t\t\t\t<\/div>\n\t\t\t\t<\/div>\n\t\t\t\t<div class=\"elementor-element elementor-element-9589e7f elementor-widget elementor-widget-text-editor\" data-id=\"9589e7f\" data-element_type=\"widget\" data-widget_type=\"text-editor.default\">\n\t\t\t\t<div class=\"elementor-widget-container\">\n\t\t\t\t\t\t\t<ul><li>mechanik pojazd\u00f3w samochodowych,<\/li><li>lakiernik samochodowy,<\/li><li>blacharz samochodowy,<\/li><li>monter sieci instlacji urz\u0105dze\u0144 sanitarnych,<\/li><li>monter zabudowy i rob\u00f3t wyko\u0144czeniowych w budownictwie,<\/li><li>w\u0119dliniarz,<\/li><li>piekarz,<\/li><li>cukiernik,<\/li><li>kucharz,<\/li><li>elektromechanik,<\/li><li>murarz-tynkarz,<\/li><li>elektryk,<\/li><li>stolarz,<\/li><li>fryzjer.<\/li><\/ul>\t\t\t\t\t\t<\/div>\n\t\t\t\t<\/div>\n\t\t\t\t\t<\/div>\n\t\t<\/div>\n\t\t\t\t<div class=\"elementor-column elementor-col-50 elementor-top-column elementor-element elementor-element-2c63d49\" data-id=\"2c63d49\" data-element_type=\"column\">\n\t\t\t<div class=\"elementor-widget-wrap elementor-element-populated\">\n\t\t\t\t\t\t\t\t<div class=\"elementor-element elementor-element-9e6fc14 elementor-widget elementor-widget-text-editor\" data-id=\"9e6fc14\" data-element_type=\"widget\" data-widget_type=\"text-editor.default\">\n\t\t\t\t<div class=\"elementor-widget-container\">\n\t\t\t\t\t\t\t<p><strong>Podstawowe prawa i obowi\u0105zki<\/strong><\/p>\t\t\t\t\t\t<\/div>\n\t\t\t\t<\/div>\n\t\t\t\t<div class=\"elementor-element elementor-element-c62a31e elementor-widget elementor-widget-text-editor\" data-id=\"c62a31e\" data-element_type=\"widget\" data-widget_type=\"text-editor.default\">\n\t\t\t\t<div class=\"elementor-widget-container\">\n\t\t\t\t\t\t\t<p><strong>Czas pracy.<\/strong> Uczniowie do 16 roku \u017cycia pracuj\u0105 do 6h dziennie. Powy\u017cej 16 roku \u017cycia &#8211; 8h dziennie. Uczniowie nie s\u0105 zatrudniani w porze nocnej oraz w godzinach nadliczbowych<\/p><p><br \/><strong>Wynagrodzenie.<\/strong> Wyp\u0142acane jest co miesi\u0105c.<\/p><p>M\u0142odociany zobowi\u0105zany jest do przestrzegania czasu pracy i porz\u0105dku obowi\u0105zuj\u0105cego u pracodawcy, w tym r\u00f3wnie\u017c systematycznego wype\u0142niania obowi\u0105zku dokszta\u0142cenia teoretycznego oraz przyst\u0105pienia do egzaminu czeladniczego.<\/p>\t\t\t\t\t\t<\/div>\n\t\t\t\t<\/div>\n\t\t\t\t<div class=\"elementor-element elementor-element-1f1d4b6 elementor-widget elementor-widget-text-editor\" data-id=\"1f1d4b6\" data-element_type=\"widget\" data-widget_type=\"text-editor.default\">\n\t\t\t\t<div class=\"elementor-widget-container\">\n\t\t\t\t\t\t\t<p>Gwarantujemy praktyki w zrzeszonych zak\u0142adach rzemie\u015blniczych!<\/p><p>\u00a0<\/p><p>Dokumenty wymagane do zawarcia umowy<\/p>\t\t\t\t\t\t<\/div>\n\t\t\t\t<\/div>\n\t\t\t\t<div class=\"elementor-element elementor-element-ed4a56f elementor-widget elementor-widget-text-editor\" data-id=\"ed4a56f\" data-element_type=\"widget\" data-widget_type=\"text-editor.default\">\n\t\t\t\t<div class=\"elementor-widget-container\">\n\t\t\t\t\t\t\t<ul><li>kwestionariusz osobowy,<\/li><li>aktualne orzeczenie lekarza medycyny pracy (skierowanie do lekarza medycyny pracy wydaje<br \/>pracodawca przyjmuj\u0105cy ucznia do zak\u0142adu),<\/li><li>kopia \u015bwiadectwa uko\u0144czenia szko\u0142y podstawowej.<\/li><\/ul>\t\t\t\t\t\t<\/div>\n\t\t\t\t<\/div>\n\t\t\t\t\t<\/div>\n\t\t<\/div>\n\t\t\t\t\t\t\t<\/div>\n\t\t<\/section>\n\t\t\t\t\t\t\t<\/div>\n\t\t","protected":false},"excerpt":{"rendered":"<p>Dla uczni\u00f3w Nauka zawodu do okazja do kszta\u0142cenia w wybranym fachu pod okiem wykwalifikowanych specjalist\u00f3w. \u00a0 Po zdaniu egzaminu otrzymujesz tytu\u0142 czeladnika oraz mi\u0119dzynarodowy dokumentEuroPass . Kszta\u0142cimy w zawodach: mechanik pojazd\u00f3w samochodowych, lakiernik samochodowy, blacharz samochodowy, monter sieci instlacji urz\u0105dze\u0144 sanitarnych, monter zabudowy i rob\u00f3t wyko\u0144czeniowych w budownictwie, w\u0119dliniarz, piekarz, cukiernik, kucharz, elektromechanik, murarz-tynkarz, elektryk, [&hellip;]<\/p>\n","protected":false},"author":3,"featured_media":0,"parent":0,"menu_order":0,"comment_status":"closed","ping_status":"closed","template":"","meta":{"footnotes":""},"class_list":["post-842","page","type-page","status-publish","hentry","entry"],"_links":{"self":[{"href":"https:\/\/cechlomza.pl\/index.php\/wp-json\/wp\/v2\/pages\/842","targetHints":{"allow":["GET"]}}],"collection":[{"href":"https:\/\/cechlomza.pl\/index.php\/wp-json\/wp\/v2\/pages"}],"about":[{"href":"https:\/\/cechlomza.pl\/index.php\/wp-json\/wp\/v2\/types\/page"}],"author":[{"embeddable":true,"href":"https:\/\/cechlomza.pl\/index.php\/wp-json\/wp\/v2\/users\/3"}],"replies":[{"embeddable":true,"href":"https:\/\/cechlomza.pl\/index.php\/wp-json\/wp\/v2\/comments?post=842"}],"version-history":[{"count":16,"href":"https:\/\/cechlomza.pl\/index.php\/wp-json\/wp\/v2\/pages\/842\/revisions"}],"predecessor-version":[{"id":972,"href":"https:\/\/cechlomza.pl\/index.php\/wp-json\/wp\/v2\/pages\/842\/revisions\/972"}],"wp:attachment":[{"href":"https:\/\/cechlomza.pl\/index.php\/wp-json\/wp\/v2\/media?parent=842"}],"curies":[{"name":"wp","href":"https:\/\/api.w.org\/{rel}","templated":true}]}}