{"id":817,"date":"2023-01-12T20:38:16","date_gmt":"2023-01-12T20:38:16","guid":{"rendered":"http:\/\/cechlomza.pl\/?page_id=817"},"modified":"2023-01-12T20:38:16","modified_gmt":"2023-01-12T20:38:16","slug":"korzysci-z-czlonkostwa","status":"publish","type":"page","link":"https:\/\/cechlomza.pl\/index.php\/korzysci-z-czlonkostwa\/","title":{"rendered":"Korzy\u015bci z cz\u0142onkostwa"},"content":{"rendered":"\t\t<div data-elementor-type=\"wp-page\" data-elementor-id=\"817\" class=\"elementor elementor-817\" data-elementor-post-type=\"page\">\n\t\t\t\t\t\t\t\t\t<section class=\"elementor-section elementor-top-section elementor-element elementor-element-dae80e3 elementor-section-boxed elementor-section-height-default elementor-section-height-default\" data-id=\"dae80e3\" data-element_type=\"section\">\n\t\t\t\t\t\t<div class=\"elementor-container elementor-column-gap-default\">\n\t\t\t\t\t<div class=\"elementor-column elementor-col-100 elementor-top-column elementor-element elementor-element-37fdfce\" data-id=\"37fdfce\" data-element_type=\"column\">\n\t\t\t<div class=\"elementor-widget-wrap elementor-element-populated\">\n\t\t\t\t\t\t\t\t<div class=\"elementor-element elementor-element-b017f4b elementor-widget elementor-widget-heading\" data-id=\"b017f4b\" data-element_type=\"widget\" data-widget_type=\"heading.default\">\n\t\t\t\t<div class=\"elementor-widget-container\">\n\t\t\t<h1 class=\"elementor-heading-title elementor-size-xxl\">Korzy\u015bci z cz\u0142onkostwa<\/h1>\t\t<\/div>\n\t\t\t\t<\/div>\n\t\t\t\t<div class=\"elementor-element elementor-element-a174a64 elementor-widget elementor-widget-text-editor\" data-id=\"a174a64\" data-element_type=\"widget\" data-widget_type=\"text-editor.default\">\n\t\t\t\t<div class=\"elementor-widget-container\">\n\t\t\t\t\t\t\t<p>Jako cz\u0142onek cechu korzystasz z:<\/p><ul><li>mo\u017cliwo\u015bci podnoszenia swoich kwalifikacji,<\/li><li>pomocy przy szkoleniu uczni\u00f3w,<\/li><li>porad, informacji i interwencji,<\/li><li>pomocy przy refundacji koszt\u00f3w szkolenia uczni\u00f3w,<\/li><li>kurs\u00f3w: BHP dla pracodawc\u00f3w i os\u00f3b kieruj\u0105cych pracownikami,<\/li><\/ul>\t\t\t\t\t\t<\/div>\n\t\t\t\t<\/div>\n\t\t\t\t<div class=\"elementor-element elementor-element-f661bbc elementor-widget elementor-widget-spacer\" data-id=\"f661bbc\" data-element_type=\"widget\" data-widget_type=\"spacer.default\">\n\t\t\t\t<div class=\"elementor-widget-container\">\n\t\t\t\t\t<div class=\"elementor-spacer\">\n\t\t\t<div class=\"elementor-spacer-inner\"><\/div>\n\t\t<\/div>\n\t\t\t\t<\/div>\n\t\t\t\t<\/div>\n\t\t\t\t<div class=\"elementor-element elementor-element-0a77083 elementor-widget__width-initial elementor-widget elementor-widget-text-editor\" data-id=\"0a77083\" data-element_type=\"widget\" data-widget_type=\"text-editor.default\">\n\t\t\t\t<div class=\"elementor-widget-container\">\n\t\t\t\t\t\t\t<strong>Zapraszamy do naszego grona wszystkich rzemie\u015blnik\u00f3w!<\/strong>\n<br>\n<br>\nZrzeszamy zak\u0142ady rzemie\u015blnicze, w kt\u00f3rych prowadzone jest przygotowanie zawodowe pracownik\u00f3w m\u0142odocianych, kt\u00f3rym oferujemy wsparcie poprzez:\n<ul>\n \t<li>prowadzenie rejestru zak\u0142ad\u00f3w posiadaj\u0105cych mo\u017cliwo\u015bci i uprawnienia do\nszkolenia pracownik\u00f3w m\u0142odocianych,<\/li>\n\n \t<li>spisywanie um\u00f3w o nauk\u0119 zawodu z pracownikami m\u0142odocianymi oraz\nprzygotowanie pe\u0142nej dokumentacji z tym zwi\u0105zanej,<\/li>\n \t<li>wsp\u00f3\u0142praca z samorz\u0105dem powiatu i gmin, dyrektorami i radami\npedagogicznymi szk\u00f3\u0142 zawodowych, w kt\u00f3rych m\u0142odociani pracownicy\nrealizuj\u0105 dokszta\u0142canie teoretyczne,<\/li>\n \t<li>przyjmowanie i kompletowanie wniosk\u00f3w o przyst\u0105pienie do egzaminu\nczeladniczego,<\/li>\n \t<li>zbieranie kompletnej dokumentacji oraz po\u015bredniczenie w uzyskaniu\nrefundacji wynagrodze\u0144 oraz sk\u0142adek ZUS pracownik\u00f3w m\u0142odocianych,<\/li>\n \t<li>pomoc w wype\u0142nieniu wniosku o dofinansowanie koszt\u00f3w kszta\u0142cenia\npracownik\u00f3w m\u0142odocianych.<\/li>\n<\/ul>\t\t\t\t\t\t<\/div>\n\t\t\t\t<\/div>\n\t\t\t\t\t<\/div>\n\t\t<\/div>\n\t\t\t\t\t\t\t<\/div>\n\t\t<\/section>\n\t\t\t\t\t\t\t<\/div>\n\t\t","protected":false},"excerpt":{"rendered":"<p>Korzy\u015bci z cz\u0142onkostwa Jako cz\u0142onek cechu korzystasz z: mo\u017cliwo\u015bci podnoszenia swoich kwalifikacji, pomocy przy szkoleniu uczni\u00f3w, porad, informacji i interwencji, pomocy przy refundacji koszt\u00f3w szkolenia uczni\u00f3w, kurs\u00f3w: BHP dla pracodawc\u00f3w i os\u00f3b kieruj\u0105cych pracownikami, Zapraszamy do naszego grona wszystkich rzemie\u015blnik\u00f3w! Zrzeszamy zak\u0142ady rzemie\u015blnicze, w kt\u00f3rych prowadzone jest przygotowanie zawodowe pracownik\u00f3w m\u0142odocianych, kt\u00f3rym oferujemy wsparcie poprzez: [&hellip;]<\/p>\n","protected":false},"author":3,"featured_media":0,"parent":0,"menu_order":0,"comment_status":"closed","ping_status":"closed","template":"","meta":{"footnotes":""},"class_list":["post-817","page","type-page","status-publish","hentry","entry"],"_links":{"self":[{"href":"https:\/\/cechlomza.pl\/index.php\/wp-json\/wp\/v2\/pages\/817","targetHints":{"allow":["GET"]}}],"collection":[{"href":"https:\/\/cechlomza.pl\/index.php\/wp-json\/wp\/v2\/pages"}],"about":[{"href":"https:\/\/cechlomza.pl\/index.php\/wp-json\/wp\/v2\/types\/page"}],"author":[{"embeddable":true,"href":"https:\/\/cechlomza.pl\/index.php\/wp-json\/wp\/v2\/users\/3"}],"replies":[{"embeddable":true,"href":"https:\/\/cechlomza.pl\/index.php\/wp-json\/wp\/v2\/comments?post=817"}],"version-history":[{"count":13,"href":"https:\/\/cechlomza.pl\/index.php\/wp-json\/wp\/v2\/pages\/817\/revisions"}],"predecessor-version":[{"id":831,"href":"https:\/\/cechlomza.pl\/index.php\/wp-json\/wp\/v2\/pages\/817\/revisions\/831"}],"wp:attachment":[{"href":"https:\/\/cechlomza.pl\/index.php\/wp-json\/wp\/v2\/media?parent=817"}],"curies":[{"name":"wp","href":"https:\/\/api.w.org\/{rel}","templated":true}]}}