{"id":688,"date":"2023-01-05T18:40:36","date_gmt":"2023-01-05T18:40:36","guid":{"rendered":"http:\/\/cechlomza.pl\/?page_id=688"},"modified":"2023-02-10T18:41:53","modified_gmt":"2023-02-10T18:41:53","slug":"wladze-i-organy-cechu","status":"publish","type":"page","link":"https:\/\/cechlomza.pl\/index.php\/wladze-i-organy-cechu\/","title":{"rendered":"W\u0142adze i organy cechu"},"content":{"rendered":"\t\t<div data-elementor-type=\"wp-page\" data-elementor-id=\"688\" class=\"elementor elementor-688\" data-elementor-post-type=\"page\">\n\t\t\t\t\t\t\t\t\t<section class=\"elementor-section elementor-top-section elementor-element elementor-element-7562966 elementor-section-boxed elementor-section-height-default elementor-section-height-default\" data-id=\"7562966\" data-element_type=\"section\">\n\t\t\t\t\t\t<div class=\"elementor-container elementor-column-gap-default\">\n\t\t\t\t\t<div class=\"elementor-column elementor-col-100 elementor-top-column elementor-element elementor-element-52236f5\" data-id=\"52236f5\" data-element_type=\"column\">\n\t\t\t<div class=\"elementor-widget-wrap elementor-element-populated\">\n\t\t\t\t\t\t\t\t<div class=\"elementor-element elementor-element-cbb89dd elementor-widget elementor-widget-heading\" data-id=\"cbb89dd\" data-element_type=\"widget\" data-widget_type=\"heading.default\">\n\t\t\t\t<div class=\"elementor-widget-container\">\n\t\t\t<h1 class=\"elementor-heading-title elementor-size-xl\">W\u0142adze i organy cechu<\/h1>\t\t<\/div>\n\t\t\t\t<\/div>\n\t\t\t\t\t<\/div>\n\t\t<\/div>\n\t\t\t\t\t\t\t<\/div>\n\t\t<\/section>\n\t\t\t\t<section class=\"elementor-section elementor-top-section elementor-element elementor-element-10da691 elementor-section-boxed elementor-section-height-default elementor-section-height-default\" data-id=\"10da691\" data-element_type=\"section\">\n\t\t\t\t\t\t<div class=\"elementor-container elementor-column-gap-default\">\n\t\t\t\t\t<div class=\"elementor-column elementor-col-50 elementor-top-column elementor-element elementor-element-0b728e1\" data-id=\"0b728e1\" data-element_type=\"column\">\n\t\t\t<div class=\"elementor-widget-wrap elementor-element-populated\">\n\t\t\t\t\t\t\t\t<div class=\"elementor-element elementor-element-bb1147a elementor-widget elementor-widget-text-editor\" data-id=\"bb1147a\" data-element_type=\"widget\" data-widget_type=\"text-editor.default\">\n\t\t\t\t<div class=\"elementor-widget-container\">\n\t\t\t\t\t\t\t<p>Starszy Cechu<\/p>\t\t\t\t\t\t<\/div>\n\t\t\t\t<\/div>\n\t\t\t\t<div class=\"elementor-element elementor-element-27d2dda elementor-widget elementor-widget-text-editor\" data-id=\"27d2dda\" data-element_type=\"widget\" data-widget_type=\"text-editor.default\">\n\t\t\t\t<div class=\"elementor-widget-container\">\n\t\t\t\t\t\t\t<p>Sylwester Zawadzki (od 23.05.2016r.)<\/p>\t\t\t\t\t\t<\/div>\n\t\t\t\t<\/div>\n\t\t\t\t<div class=\"elementor-element elementor-element-7e3cd19 elementor-widget elementor-widget-text-editor\" data-id=\"7e3cd19\" data-element_type=\"widget\" data-widget_type=\"text-editor.default\">\n\t\t\t\t<div class=\"elementor-widget-container\">\n\t\t\t\t\t\t\t<p>Zarz\u0105d Cechu<\/p>\t\t\t\t\t\t<\/div>\n\t\t\t\t<\/div>\n\t\t\t\t<div class=\"elementor-element elementor-element-ea77130 elementor-widget elementor-widget-text-editor\" data-id=\"ea77130\" data-element_type=\"widget\" data-widget_type=\"text-editor.default\">\n\t\t\t\t<div class=\"elementor-widget-container\">\n\t\t\t\t\t\t\t<p>1. Starszy Cechu \u2013 Sylwester Zawadzki<br \/>2. Podstarszy Cechu \u2013 Tadeusz \u015amiarowski<br \/>3. Podstarszy Cechu \u2013 Sylwester Nicewicz<br \/>4. Skarbnik \u2013 Krzysztof Cwalina<br \/>5. Cz\u0142onek Zarz\u0105du \u2013 Jan Chojnowski<\/p>\t\t\t\t\t\t<\/div>\n\t\t\t\t<\/div>\n\t\t\t\t<div class=\"elementor-element elementor-element-6b6d440 elementor-widget elementor-widget-text-editor\" data-id=\"6b6d440\" data-element_type=\"widget\" data-widget_type=\"text-editor.default\">\n\t\t\t\t<div class=\"elementor-widget-container\">\n\t\t\t\t\t\t\t<p>Do zakresu dzia\u0142ania Zarz\u0105du nale\u017cy kierowanie ca\u0142okszta\u0142tem dzia\u0142alno\u015bci<br \/>Cechu, a w szczeg\u00f3lno\u015bci:<\/p><ul><li>reprezentowanie interes\u00f3w cz\u0142onk\u00f3w wobec terenowych i miejskich organ\u00f3w administracji i s\u0105d\u00f3w, organizacji spo\u0142ecznych i gospodarczych,<br \/>gospodarowanie funduszem i maj\u0105tkiem Cechu,<\/li><li>zatrudnienie Kierownika Biura.<\/li><\/ul>\t\t\t\t\t\t<\/div>\n\t\t\t\t<\/div>\n\t\t\t\t<div class=\"elementor-element elementor-element-5683aa1 elementor-widget elementor-widget-text-editor\" data-id=\"5683aa1\" data-element_type=\"widget\" data-widget_type=\"text-editor.default\">\n\t\t\t\t<div class=\"elementor-widget-container\">\n\t\t\t\t\t\t\t<p>Cech reprezentowany jest na zewn\u0105trz przez Starszego lub Podstarszych oraz<br \/>Kierownika Biura Cechu w zakresie udzielonego mu pe\u0142nomocnictwa.<\/p>\t\t\t\t\t\t<\/div>\n\t\t\t\t<\/div>\n\t\t\t\t<div class=\"elementor-element elementor-element-217afb8 elementor-widget elementor-widget-text-editor\" data-id=\"217afb8\" data-element_type=\"widget\" data-widget_type=\"text-editor.default\">\n\t\t\t\t<div class=\"elementor-widget-container\">\n\t\t\t\t\t\t\t<p>Struktura <strong>Zwi\u0105zku Rzemios\u0142a Polskiego<\/strong><\/p><p>W strukturach Zwi\u0105zku Rzemios\u0142a Polskiego dzia\u0142a 25 izb rzemios\u0142a i przedsi\u0119biorczo\u015bci (w tym jedna bran\u017cowa), 453 cechy oraz 58 sp\u00f3\u0142dzielni rzemie\u015blniczych. Organizacje te dzia\u0142aj\u0105 na podstawie ustawy o rzemio\u015ble z 22 marca 1989 roku oraz w\u0142asnych statut\u00f3w.<\/p>\t\t\t\t\t\t<\/div>\n\t\t\t\t<\/div>\n\t\t\t\t\t<\/div>\n\t\t<\/div>\n\t\t\t\t<div class=\"elementor-column elementor-col-50 elementor-top-column elementor-element elementor-element-8fd5c52\" data-id=\"8fd5c52\" data-element_type=\"column\">\n\t\t\t<div class=\"elementor-widget-wrap elementor-element-populated\">\n\t\t\t\t\t\t\t\t<div class=\"elementor-element elementor-element-6f851e0 elementor-widget elementor-widget-spacer\" data-id=\"6f851e0\" data-element_type=\"widget\" data-widget_type=\"spacer.default\">\n\t\t\t\t<div class=\"elementor-widget-container\">\n\t\t\t\t\t<div class=\"elementor-spacer\">\n\t\t\t<div class=\"elementor-spacer-inner\"><\/div>\n\t\t<\/div>\n\t\t\t\t<\/div>\n\t\t\t\t<\/div>\n\t\t\t\t\t<\/div>\n\t\t<\/div>\n\t\t\t\t\t\t\t<\/div>\n\t\t<\/section>\n\t\t\t\t<section class=\"elementor-section elementor-top-section elementor-element elementor-element-5b0fad4 elementor-section-boxed elementor-section-height-default elementor-section-height-default\" data-id=\"5b0fad4\" data-element_type=\"section\">\n\t\t\t\t\t\t<div class=\"elementor-container elementor-column-gap-default\">\n\t\t\t\t\t<div class=\"elementor-column elementor-col-100 elementor-top-column elementor-element elementor-element-afd709a\" data-id=\"afd709a\" data-element_type=\"column\">\n\t\t\t<div class=\"elementor-widget-wrap elementor-element-populated\">\n\t\t\t\t\t\t\t\t<div class=\"elementor-element elementor-element-4172d96 elementor-widget elementor-widget-image\" data-id=\"4172d96\" data-element_type=\"widget\" data-widget_type=\"image.default\">\n\t\t\t\t<div class=\"elementor-widget-container\">\n\t\t\t\t\t\t\t\t\t\t\t\t\t\t\t<img loading=\"lazy\" decoding=\"async\" width=\"771\" height=\"428\" src=\"https:\/\/cechlomza.pl\/wp-content\/uploads\/2023\/02\/231.png\" class=\"attachment-large size-large wp-image-966\" alt=\"\" srcset=\"https:\/\/cechlomza.pl\/wp-content\/uploads\/2023\/02\/231.png 771w, https:\/\/cechlomza.pl\/wp-content\/uploads\/2023\/02\/231-300x167.png 300w, https:\/\/cechlomza.pl\/wp-content\/uploads\/2023\/02\/231-768x426.png 768w\" sizes=\"auto, (max-width: 771px) 100vw, 771px\" \/>\t\t\t\t\t\t\t\t\t\t\t\t\t\t\t<\/div>\n\t\t\t\t<\/div>\n\t\t\t\t\t<\/div>\n\t\t<\/div>\n\t\t\t\t\t\t\t<\/div>\n\t\t<\/section>\n\t\t\t\t\t\t\t<\/div>\n\t\t","protected":false},"excerpt":{"rendered":"<p>W\u0142adze i organy cechu Starszy Cechu Sylwester Zawadzki (od 23.05.2016r.) Zarz\u0105d Cechu 1. Starszy Cechu \u2013 Sylwester Zawadzki2. Podstarszy Cechu \u2013 Tadeusz \u015amiarowski3. Podstarszy Cechu \u2013 Sylwester Nicewicz4. Skarbnik \u2013 Krzysztof Cwalina5. Cz\u0142onek Zarz\u0105du \u2013 Jan Chojnowski Do zakresu dzia\u0142ania Zarz\u0105du nale\u017cy kierowanie ca\u0142okszta\u0142tem dzia\u0142alno\u015bciCechu, a w szczeg\u00f3lno\u015bci: reprezentowanie interes\u00f3w cz\u0142onk\u00f3w wobec terenowych i miejskich [&hellip;]<\/p>\n","protected":false},"author":3,"featured_media":0,"parent":0,"menu_order":0,"comment_status":"closed","ping_status":"closed","template":"","meta":{"footnotes":""},"class_list":["post-688","page","type-page","status-publish","hentry","entry"],"_links":{"self":[{"href":"https:\/\/cechlomza.pl\/index.php\/wp-json\/wp\/v2\/pages\/688","targetHints":{"allow":["GET"]}}],"collection":[{"href":"https:\/\/cechlomza.pl\/index.php\/wp-json\/wp\/v2\/pages"}],"about":[{"href":"https:\/\/cechlomza.pl\/index.php\/wp-json\/wp\/v2\/types\/page"}],"author":[{"embeddable":true,"href":"https:\/\/cechlomza.pl\/index.php\/wp-json\/wp\/v2\/users\/3"}],"replies":[{"embeddable":true,"href":"https:\/\/cechlomza.pl\/index.php\/wp-json\/wp\/v2\/comments?post=688"}],"version-history":[{"count":19,"href":"https:\/\/cechlomza.pl\/index.php\/wp-json\/wp\/v2\/pages\/688\/revisions"}],"predecessor-version":[{"id":969,"href":"https:\/\/cechlomza.pl\/index.php\/wp-json\/wp\/v2\/pages\/688\/revisions\/969"}],"wp:attachment":[{"href":"https:\/\/cechlomza.pl\/index.php\/wp-json\/wp\/v2\/media?parent=688"}],"curies":[{"name":"wp","href":"https:\/\/api.w.org\/{rel}","templated":true}]}}